{"id":372,"date":"2019-12-15T18:29:53","date_gmt":"2019-12-15T17:29:53","guid":{"rendered":"http:\/\/kravat.pl\/?page_id=372"},"modified":"2025-03-14T13:17:19","modified_gmt":"2025-03-14T12:17:19","slug":"ngo","status":"publish","type":"page","link":"http:\/\/kravat.pl\/index.php\/oferta\/ngo\/","title":{"rendered":"Dla fundacji i stowarzysze\u0144"},"content":{"rendered":"\t\t<div data-elementor-type=\"wp-page\" data-elementor-id=\"372\" class=\"elementor elementor-372\">\n\t\t\t\t\t\t<div class=\"elementor-inner\">\n\t\t\t\t<div class=\"elementor-section-wrap\">\n\t\t\t\t\t\t\t\t\t<section class=\"elementor-section elementor-top-section elementor-element elementor-element-112fe902 elementor-section-boxed elementor-section-height-default elementor-section-height-default\" data-id=\"112fe902\" data-element_type=\"section\" data-settings=\"{&quot;background_background&quot;:&quot;classic&quot;}\">\n\t\t\t\t\t\t\t<div class=\"elementor-background-overlay\"><\/div>\n\t\t\t\t\t\t\t<div class=\"elementor-container elementor-column-gap-no\">\n\t\t\t\t\t\t\t<div class=\"elementor-row\">\n\t\t\t\t\t<div class=\"elementor-column elementor-col-100 elementor-top-column elementor-element elementor-element-2aed0f30\" data-id=\"2aed0f30\" data-element_type=\"column\">\n\t\t\t<div class=\"elementor-column-wrap elementor-element-populated\">\n\t\t\t\t\t\t\t<div class=\"elementor-widget-wrap\">\n\t\t\t\t\t\t<div class=\"elementor-element elementor-element-4ce6b989 elementor-widget elementor-widget-heading\" data-id=\"4ce6b989\" data-element_type=\"widget\" data-widget_type=\"heading.default\">\n\t\t\t\t<div class=\"elementor-widget-container\">\n\t\t\t<h5 class=\"elementor-heading-title elementor-size-default\">POZNAJ NASZ\u0104<\/h5>\t\t<\/div>\n\t\t\t\t<\/div>\n\t\t\t\t<div class=\"elementor-element elementor-element-71566b8d elementor-widget elementor-widget-heading\" data-id=\"71566b8d\" data-element_type=\"widget\" data-widget_type=\"heading.default\">\n\t\t\t\t<div class=\"elementor-widget-container\">\n\t\t\t<h1 class=\"elementor-heading-title elementor-size-default\">OFERT\u0118<\/h1>\t\t<\/div>\n\t\t\t\t<\/div>\n\t\t\t\t\t\t<\/div>\n\t\t\t\t\t<\/div>\n\t\t<\/div>\n\t\t\t\t\t\t\t\t<\/div>\n\t\t\t\t\t<\/div>\n\t\t<\/section>\n\t\t\t\t<section class=\"elementor-section elementor-top-section elementor-element elementor-element-39a2418 elementor-section-boxed elementor-section-height-default elementor-section-height-default\" data-id=\"39a2418\" data-element_type=\"section\">\n\t\t\t\t\t\t<div class=\"elementor-container elementor-column-gap-default\">\n\t\t\t\t\t\t\t<div class=\"elementor-row\">\n\t\t\t\t\t<div class=\"elementor-column elementor-col-100 elementor-top-column elementor-element elementor-element-786b88a\" data-id=\"786b88a\" data-element_type=\"column\">\n\t\t\t<div class=\"elementor-column-wrap elementor-element-populated\">\n\t\t\t\t\t\t\t<div class=\"elementor-widget-wrap\">\n\t\t\t\t\t\t<div class=\"elementor-element elementor-element-7c00611 elementor-widget elementor-widget-spacer\" data-id=\"7c00611\" data-element_type=\"widget\" data-widget_type=\"spacer.default\">\n\t\t\t\t<div class=\"elementor-widget-container\">\n\t\t\t\t\t<div class=\"elementor-spacer\">\n\t\t\t<div class=\"elementor-spacer-inner\"><\/div>\n\t\t<\/div>\n\t\t\t\t<\/div>\n\t\t\t\t<\/div>\n\t\t\t\t\t\t<\/div>\n\t\t\t\t\t<\/div>\n\t\t<\/div>\n\t\t\t\t\t\t\t\t<\/div>\n\t\t\t\t\t<\/div>\n\t\t<\/section>\n\t\t\t\t<section class=\"elementor-section elementor-top-section elementor-element elementor-element-568817c elementor-section-boxed elementor-section-height-default elementor-section-height-default\" data-id=\"568817c\" data-element_type=\"section\">\n\t\t\t\t\t\t<div class=\"elementor-container elementor-column-gap-default\">\n\t\t\t\t\t\t\t<div class=\"elementor-row\">\n\t\t\t\t\t<div class=\"elementor-column elementor-col-100 elementor-top-column elementor-element elementor-element-7ab7893c\" data-id=\"7ab7893c\" data-element_type=\"column\">\n\t\t\t<div class=\"elementor-column-wrap elementor-element-populated\">\n\t\t\t\t\t\t\t<div class=\"elementor-widget-wrap\">\n\t\t\t\t\t\t<div class=\"elementor-element elementor-element-410c4c3e elementor-widget elementor-widget-heading\" data-id=\"410c4c3e\" data-element_type=\"widget\" data-widget_type=\"heading.default\">\n\t\t\t\t<div class=\"elementor-widget-container\">\n\t\t\t<h2 class=\"elementor-heading-title elementor-size-default\">DLA FUNDACJI I STOWARZYSZE\u0143<\/h2>\t\t<\/div>\n\t\t\t\t<\/div>\n\t\t\t\t\t\t<\/div>\n\t\t\t\t\t<\/div>\n\t\t<\/div>\n\t\t\t\t\t\t\t\t<\/div>\n\t\t\t\t\t<\/div>\n\t\t<\/section>\n\t\t\t\t<section class=\"elementor-section elementor-top-section elementor-element elementor-element-73c355bc elementor-section-boxed elementor-section-height-default elementor-section-height-default\" data-id=\"73c355bc\" data-element_type=\"section\">\n\t\t\t\t\t\t<div class=\"elementor-container elementor-column-gap-default\">\n\t\t\t\t\t\t\t<div class=\"elementor-row\">\n\t\t\t\t\t<div class=\"elementor-column elementor-col-50 elementor-top-column elementor-element elementor-element-5d6d9048\" data-id=\"5d6d9048\" data-element_type=\"column\">\n\t\t\t<div class=\"elementor-column-wrap elementor-element-populated\">\n\t\t\t\t\t\t\t<div class=\"elementor-widget-wrap\">\n\t\t\t\t\t\t<div class=\"elementor-element elementor-element-336fb376 elementor-widget elementor-widget-text-editor\" data-id=\"336fb376\" data-element_type=\"widget\" data-widget_type=\"text-editor.default\">\n\t\t\t\t<div class=\"elementor-widget-container\">\n\t\t\t\t\t\t\t\t<div class=\"elementor-text-editor elementor-clearfix\">\n\t\t\t\t<p><strong>Oddolne inicjatywy obywatelskie s\u0105 fundamentem demokracji, dlatego dzia\u0142alno\u015b\u0107 organizacji pozarz\u0105dowych jest tak istotna z perspektywy spo\u0142ecze\u0144stwa obywatelskiego. \u00a0<\/strong><\/p><p>To dzi\u0119ki fundacjom i stowarzyszeniom mo\u017cliwa jest pomoc tym, kt\u00f3rzy jej najbardziej potrzebuj\u0105, czego doskona\u0142ym przyk\u0142adem jest Fundacja Wielka Orkiestra \u015awi\u0105tecznej Pomocy. To aktywi\u015bci z organizacji pozarz\u0105dowych pomagaj\u0105 dba\u0107 o \u015brodowisko naturalne, nieustannie eksplorowane przez wielkie korporacje i niezbyt dobrze chronione przez przepisy prawa. To dzi\u0119ki sektorowi trzeciemu mo\u017cliwy jest artystyczny rozw\u00f3j i realizacja wielu niezale\u017cnych dzia\u0142a\u0144 kulturalnych i edukacyjnych.<\/p><p>Aby organizacje pozarz\u0105dowe mog\u0142y realizowa\u0107 swoje cele statutowe, potrzebuj\u0105 sprawnie dzia\u0142aj\u0105cej administracji i ksi\u0119gowo\u015bci. \u015arodki pozyskane z dotacji i darowizn musz\u0105 by\u0107 poprawnie przedstawione w ksi\u0119gach rachunkowych tak, by nie by\u0142o w\u0105tpliwo\u015bci, \u017ce zosta\u0142y spo\u017cytkowane na dzia\u0142ania statutowe i w ramach realizowanego projektu.<\/p><p>Organizacje posiadaj\u0105ce status OPP (po\u017cytku publicznego) maj\u0105 r\u00f3wnie\u017c dodatkowe obowi\u0105zki \u015bci\u015ble powi\u0105zane z rozliczeniami ksi\u0119gowymi, wi\u0119c w ich przypadku szczeg\u00f3lnie wa\u017cne s\u0105 poprawne dane rachunkowe.<\/p><p><strong>Warto zainwestowa\u0107 w us\u0142ugi os\u00f3b, kt\u00f3re dobrze znaj\u0105 projektow\u0105 metod\u0119 dzia\u0142ania sektora NGO i potrafi\u0105 dostosowa\u0107 spos\u00f3b prowadzenia ksi\u0119gowo\u015bci i rozlicze\u0144 do specyfiki danej organizacji. Pomog\u0105 te\u017c dobrze zorganizowa\u0107 prace biurowe, a w razie potrzeby przeszkol\u0105 pracownik\u00f3w, wolontariuszy lub cz\u0142onk\u00f3w danej organizacji z obs\u0142ugi administracyjnej.<\/strong><\/p><p>\u00a0<\/p>\t\t\t\t\t<\/div>\n\t\t\t\t\t\t<\/div>\n\t\t\t\t<\/div>\n\t\t\t\t<div class=\"elementor-element elementor-element-be823ba elementor-widget elementor-widget-spacer\" data-id=\"be823ba\" data-element_type=\"widget\" data-widget_type=\"spacer.default\">\n\t\t\t\t<div class=\"elementor-widget-container\">\n\t\t\t\t\t<div class=\"elementor-spacer\">\n\t\t\t<div class=\"elementor-spacer-inner\"><\/div>\n\t\t<\/div>\n\t\t\t\t<\/div>\n\t\t\t\t<\/div>\n\t\t\t\t\t\t<\/div>\n\t\t\t\t\t<\/div>\n\t\t<\/div>\n\t\t\t\t<div class=\"elementor-column elementor-col-50 elementor-top-column elementor-element elementor-element-18482eb7\" data-id=\"18482eb7\" data-element_type=\"column\">\n\t\t\t<div class=\"elementor-column-wrap elementor-element-populated\">\n\t\t\t\t\t\t\t<div class=\"elementor-widget-wrap\">\n\t\t\t\t\t\t<div class=\"elementor-element elementor-element-101ee280 elementor-widget elementor-widget-image\" data-id=\"101ee280\" data-element_type=\"widget\" data-widget_type=\"image.default\">\n\t\t\t\t<div class=\"elementor-widget-container\">\n\t\t\t\t\t\t\t\t<div class=\"elementor-image\">\n\t\t\t\t\t\t\t\t\t\t\t\t<img loading=\"lazy\" decoding=\"async\" width=\"1024\" height=\"576\" src=\"http:\/\/kravat.pl\/wp-content\/uploads\/2020\/09\/ngo-1024x576.png\" class=\"attachment-large size-large wp-image-627\" alt=\"\" srcset=\"http:\/\/kravat.pl\/wp-content\/uploads\/2020\/09\/ngo-1024x576.png 1024w, http:\/\/kravat.pl\/wp-content\/uploads\/2020\/09\/ngo-300x169.png 300w, http:\/\/kravat.pl\/wp-content\/uploads\/2020\/09\/ngo-768x432.png 768w, http:\/\/kravat.pl\/wp-content\/uploads\/2020\/09\/ngo-1536x864.png 1536w, http:\/\/kravat.pl\/wp-content\/uploads\/2020\/09\/ngo.png 1920w\" sizes=\"(max-width: 1024px) 100vw, 1024px\" \/>\t\t\t\t\t\t\t\t\t\t\t\t\t\t<\/div>\n\t\t\t\t\t\t<\/div>\n\t\t\t\t<\/div>\n\t\t\t\t<div class=\"elementor-element elementor-element-cfcecf7 elementor-widget elementor-widget-spacer\" data-id=\"cfcecf7\" data-element_type=\"widget\" data-widget_type=\"spacer.default\">\n\t\t\t\t<div class=\"elementor-widget-container\">\n\t\t\t\t\t<div class=\"elementor-spacer\">\n\t\t\t<div class=\"elementor-spacer-inner\"><\/div>\n\t\t<\/div>\n\t\t\t\t<\/div>\n\t\t\t\t<\/div>\n\t\t\t\t<div class=\"elementor-element elementor-element-7629c0c elementor-widget-divider--separator-type-pattern elementor-widget-divider--no-spacing elementor-widget-divider--view-line elementor-widget elementor-widget-divider\" data-id=\"7629c0c\" data-element_type=\"widget\" data-widget_type=\"divider.default\">\n\t\t\t\t<div class=\"elementor-widget-container\">\n\t\t\t\t\t<div class=\"elementor-divider\" style=\"--divider-pattern-url: url(&quot;data:image\/svg+xml,%3Csvg xmlns=&#039;http:\/\/www.w3.org\/2000\/svg&#039; preserveAspectRatio=&#039;xMidYMid meet&#039; overflow=&#039;visible&#039; height=&#039;100%&#039; viewBox=&#039;0 0 120 26&#039; fill=&#039;black&#039; stroke=&#039;none&#039;%3E%3Cpolygon points=&#039;0,14.4 0,21 11.5,12.4 21.3,20 30.4,11.1 40.3,20 51,12.4 60.6,20 69.6,11.1 79.3,20 90.1,12.4 99.6,20 109.7,11.1 120,21 120,14.4 109.7,5 99.6,13 90.1,5 79.3,14.5 71,5.7 60.6,12.4 51,5 40.3,14.5 31.1,5 21.3,13 11.5,5 \t&#039;\/%3E%3C\/svg%3E&quot;);\">\n\t\t\t<span class=\"elementor-divider-separator\">\n\t\t\t\t\t\t<\/span>\n\t\t<\/div>\n\t\t\t\t<\/div>\n\t\t\t\t<\/div>\n\t\t\t\t<div class=\"elementor-element elementor-element-23503261 elementor-widget elementor-widget-heading\" data-id=\"23503261\" data-element_type=\"widget\" data-widget_type=\"heading.default\">\n\t\t\t\t<div class=\"elementor-widget-container\">\n\t\t\t<h2 class=\"elementor-heading-title elementor-size-default\">PAKIETY DLA NGO<\/h2>\t\t<\/div>\n\t\t\t\t<\/div>\n\t\t\t\t<div class=\"elementor-element elementor-element-94fc3fb elementor-align-center elementor-widget elementor-widget-button\" data-id=\"94fc3fb\" data-element_type=\"widget\" data-widget_type=\"button.default\">\n\t\t\t\t<div class=\"elementor-widget-container\">\n\t\t\t\t\t<div class=\"elementor-button-wrapper\">\n\t\t\t<a href=\"http:\/\/kravat.pl\/index.php\/ankieta-do-wyceny\/\" class=\"elementor-button-link elementor-button elementor-size-xl\" role=\"button\">\n\t\t\t\t\t\t<span class=\"elementor-button-content-wrapper\">\n\t\t\t\t\t\t<span class=\"elementor-button-text\">ZAMAWIAM WYCEN\u0118<\/span>\n\t\t<\/span>\n\t\t\t\t\t<\/a>\n\t\t<\/div>\n\t\t\t\t<\/div>\n\t\t\t\t<\/div>\n\t\t\t\t\t\t<\/div>\n\t\t\t\t\t<\/div>\n\t\t<\/div>\n\t\t\t\t\t\t\t\t<\/div>\n\t\t\t\t\t<\/div>\n\t\t<\/section>\n\t\t\t\t<section class=\"elementor-section elementor-top-section elementor-element elementor-element-26ba3183 elementor-section-boxed elementor-section-height-default elementor-section-height-default\" data-id=\"26ba3183\" data-element_type=\"section\">\n\t\t\t\t\t\t<div class=\"elementor-container elementor-column-gap-default\">\n\t\t\t\t\t\t\t<div class=\"elementor-row\">\n\t\t\t\t\t<div class=\"elementor-column elementor-col-16 elementor-top-column elementor-element elementor-element-18a2d993\" data-id=\"18a2d993\" data-element_type=\"column\">\n\t\t\t<div class=\"elementor-column-wrap\">\n\t\t\t\t\t\t\t<div class=\"elementor-widget-wrap\">\n\t\t\t\t\t\t\t\t<\/div>\n\t\t\t\t\t<\/div>\n\t\t<\/div>\n\t\t\t\t<div class=\"elementor-column elementor-col-66 elementor-top-column elementor-element elementor-element-3a42721c\" data-id=\"3a42721c\" data-element_type=\"column\">\n\t\t\t<div class=\"elementor-column-wrap\">\n\t\t\t\t\t\t\t<div class=\"elementor-widget-wrap\">\n\t\t\t\t\t\t\t\t<\/div>\n\t\t\t\t\t<\/div>\n\t\t<\/div>\n\t\t\t\t<div class=\"elementor-column elementor-col-16 elementor-top-column elementor-element elementor-element-353758b7\" data-id=\"353758b7\" data-element_type=\"column\">\n\t\t\t<div class=\"elementor-column-wrap\">\n\t\t\t\t\t\t\t<div class=\"elementor-widget-wrap\">\n\t\t\t\t\t\t\t\t<\/div>\n\t\t\t\t\t<\/div>\n\t\t<\/div>\n\t\t\t\t\t\t\t\t<\/div>\n\t\t\t\t\t<\/div>\n\t\t<\/section>\n\t\t\t\t\t\t\t\t\t<\/div>\n\t\t\t<\/div>\n\t\t\t\t\t<\/div>\n\t\t","protected":false},"excerpt":{"rendered":"<p>POZNAJ NASZ\u0104 OFERT\u0118 DLA FUNDACJI I STOWARZYSZE\u0143 Oddolne inicjatywy obywatelskie s\u0105 fundamentem demokracji, dlatego dzia\u0142alno\u015b\u0107 organizacji pozarz\u0105dowych jest tak istotna z perspektywy spo\u0142ecze\u0144stwa obywatelskiego. \u00a0 To dzi\u0119ki fundacjom i stowarzyszeniom mo\u017cliwa jest pomoc tym, kt\u00f3rzy jej najbardziej potrzebuj\u0105, czego doskona\u0142ym przyk\u0142adem jest Fundacja Wielka Orkiestra \u015awi\u0105tecznej Pomocy. To aktywi\u015bci z organizacji pozarz\u0105dowych pomagaj\u0105 dba\u0107 o &hellip;<\/p>\n<p class=\"read-more\"> <a class=\"\" href=\"http:\/\/kravat.pl\/index.php\/oferta\/ngo\/\"> <span class=\"screen-reader-text\">Dla fundacji i stowarzysze\u0144<\/span> Read More &raquo;<\/a><\/p>\n","protected":false},"author":1,"featured_media":0,"parent":17,"menu_order":0,"comment_status":"closed","ping_status":"closed","template":"","meta":{"site-sidebar-layout":"no-sidebar","site-content-layout":"page-builder","ast-main-header-display":"","ast-hfb-above-header-display":"","ast-hfb-below-header-display":"","ast-hfb-mobile-header-display":"","site-post-title":"disabled","ast-breadcrumbs-content":"","ast-featured-img":"disabled","footer-sml-layout":"","theme-transparent-header-meta":"default","adv-header-id-meta":"","stick-header-meta":"","header-above-stick-meta":"","header-main-stick-meta":"","header-below-stick-meta":"","spay_email":"","footnotes":""},"_links":{"self":[{"href":"http:\/\/kravat.pl\/index.php\/wp-json\/wp\/v2\/pages\/372"}],"collection":[{"href":"http:\/\/kravat.pl\/index.php\/wp-json\/wp\/v2\/pages"}],"about":[{"href":"http:\/\/kravat.pl\/index.php\/wp-json\/wp\/v2\/types\/page"}],"author":[{"embeddable":true,"href":"http:\/\/kravat.pl\/index.php\/wp-json\/wp\/v2\/users\/1"}],"replies":[{"embeddable":true,"href":"http:\/\/kravat.pl\/index.php\/wp-json\/wp\/v2\/comments?post=372"}],"version-history":[{"count":16,"href":"http:\/\/kravat.pl\/index.php\/wp-json\/wp\/v2\/pages\/372\/revisions"}],"predecessor-version":[{"id":806,"href":"http:\/\/kravat.pl\/index.php\/wp-json\/wp\/v2\/pages\/372\/revisions\/806"}],"up":[{"embeddable":true,"href":"http:\/\/kravat.pl\/index.php\/wp-json\/wp\/v2\/pages\/17"}],"wp:attachment":[{"href":"http:\/\/kravat.pl\/index.php\/wp-json\/wp\/v2\/media?parent=372"}],"curies":[{"name":"wp","href":"https:\/\/api.w.org\/{rel}","templated":true}]}}