{"id":365,"date":"2019-12-15T18:14:52","date_gmt":"2019-12-15T17:14:52","guid":{"rendered":"http:\/\/kravat.pl\/?page_id=365"},"modified":"2025-03-14T13:18:53","modified_gmt":"2025-03-14T12:18:53","slug":"spolki","status":"publish","type":"page","link":"http:\/\/kravat.pl\/index.php\/oferta\/spolki\/","title":{"rendered":"Dla sp\u00f3\u0142ek ma\u0142ych i du\u017cych"},"content":{"rendered":"\t\t<div data-elementor-type=\"wp-page\" data-elementor-id=\"365\" class=\"elementor elementor-365\">\n\t\t\t\t\t\t<div class=\"elementor-inner\">\n\t\t\t\t<div class=\"elementor-section-wrap\">\n\t\t\t\t\t\t\t\t\t<section class=\"elementor-section elementor-top-section elementor-element elementor-element-6a2cdafe elementor-section-boxed elementor-section-height-default elementor-section-height-default\" data-id=\"6a2cdafe\" data-element_type=\"section\" data-settings=\"{&quot;background_background&quot;:&quot;classic&quot;}\">\n\t\t\t\t\t\t\t<div class=\"elementor-background-overlay\"><\/div>\n\t\t\t\t\t\t\t<div class=\"elementor-container elementor-column-gap-no\">\n\t\t\t\t\t\t\t<div class=\"elementor-row\">\n\t\t\t\t\t<div class=\"elementor-column elementor-col-100 elementor-top-column elementor-element elementor-element-129b7c29\" data-id=\"129b7c29\" data-element_type=\"column\">\n\t\t\t<div class=\"elementor-column-wrap elementor-element-populated\">\n\t\t\t\t\t\t\t<div class=\"elementor-widget-wrap\">\n\t\t\t\t\t\t<div class=\"elementor-element elementor-element-4486be49 elementor-widget elementor-widget-heading\" data-id=\"4486be49\" data-element_type=\"widget\" data-widget_type=\"heading.default\">\n\t\t\t\t<div class=\"elementor-widget-container\">\n\t\t\t<h5 class=\"elementor-heading-title elementor-size-default\">POZNAJ NASZ\u0104<\/h5>\t\t<\/div>\n\t\t\t\t<\/div>\n\t\t\t\t<div class=\"elementor-element elementor-element-39fb9f60 elementor-widget elementor-widget-heading\" data-id=\"39fb9f60\" data-element_type=\"widget\" data-widget_type=\"heading.default\">\n\t\t\t\t<div class=\"elementor-widget-container\">\n\t\t\t<h1 class=\"elementor-heading-title elementor-size-default\">OFERT\u0118<\/h1>\t\t<\/div>\n\t\t\t\t<\/div>\n\t\t\t\t\t\t<\/div>\n\t\t\t\t\t<\/div>\n\t\t<\/div>\n\t\t\t\t\t\t\t\t<\/div>\n\t\t\t\t\t<\/div>\n\t\t<\/section>\n\t\t\t\t<section class=\"elementor-section elementor-top-section elementor-element elementor-element-93ee756 elementor-section-boxed elementor-section-height-default elementor-section-height-default\" data-id=\"93ee756\" data-element_type=\"section\">\n\t\t\t\t\t\t<div class=\"elementor-container elementor-column-gap-default\">\n\t\t\t\t\t\t\t<div class=\"elementor-row\">\n\t\t\t\t\t<div class=\"elementor-column elementor-col-100 elementor-top-column elementor-element elementor-element-4eec2a8\" data-id=\"4eec2a8\" data-element_type=\"column\">\n\t\t\t<div class=\"elementor-column-wrap elementor-element-populated\">\n\t\t\t\t\t\t\t<div class=\"elementor-widget-wrap\">\n\t\t\t\t\t\t<div class=\"elementor-element elementor-element-6204c51 elementor-widget elementor-widget-spacer\" data-id=\"6204c51\" data-element_type=\"widget\" data-widget_type=\"spacer.default\">\n\t\t\t\t<div class=\"elementor-widget-container\">\n\t\t\t\t\t<div class=\"elementor-spacer\">\n\t\t\t<div class=\"elementor-spacer-inner\"><\/div>\n\t\t<\/div>\n\t\t\t\t<\/div>\n\t\t\t\t<\/div>\n\t\t\t\t\t\t<\/div>\n\t\t\t\t\t<\/div>\n\t\t<\/div>\n\t\t\t\t\t\t\t\t<\/div>\n\t\t\t\t\t<\/div>\n\t\t<\/section>\n\t\t\t\t<section class=\"elementor-section elementor-top-section elementor-element elementor-element-52dbce8a elementor-section-boxed elementor-section-height-default elementor-section-height-default\" data-id=\"52dbce8a\" data-element_type=\"section\">\n\t\t\t\t\t\t<div class=\"elementor-container elementor-column-gap-default\">\n\t\t\t\t\t\t\t<div class=\"elementor-row\">\n\t\t\t\t\t<div class=\"elementor-column elementor-col-100 elementor-top-column elementor-element elementor-element-f6d9f8c\" data-id=\"f6d9f8c\" data-element_type=\"column\">\n\t\t\t<div class=\"elementor-column-wrap elementor-element-populated\">\n\t\t\t\t\t\t\t<div class=\"elementor-widget-wrap\">\n\t\t\t\t\t\t<div class=\"elementor-element elementor-element-6559a29f elementor-widget elementor-widget-heading\" data-id=\"6559a29f\" data-element_type=\"widget\" data-widget_type=\"heading.default\">\n\t\t\t\t<div class=\"elementor-widget-container\">\n\t\t\t<h2 class=\"elementor-heading-title elementor-size-default\">DLA SP\u00d3\u0141EK MA\u0141YCH I DU\u017bYCH <\/h2>\t\t<\/div>\n\t\t\t\t<\/div>\n\t\t\t\t\t\t<\/div>\n\t\t\t\t\t<\/div>\n\t\t<\/div>\n\t\t\t\t\t\t\t\t<\/div>\n\t\t\t\t\t<\/div>\n\t\t<\/section>\n\t\t\t\t<section class=\"elementor-section elementor-top-section elementor-element elementor-element-69828b77 elementor-section-boxed elementor-section-height-default elementor-section-height-default\" data-id=\"69828b77\" data-element_type=\"section\">\n\t\t\t\t\t\t<div class=\"elementor-container elementor-column-gap-default\">\n\t\t\t\t\t\t\t<div class=\"elementor-row\">\n\t\t\t\t\t<div class=\"elementor-column elementor-col-33 elementor-top-column elementor-element elementor-element-d8f351a\" data-id=\"d8f351a\" data-element_type=\"column\">\n\t\t\t<div class=\"elementor-column-wrap elementor-element-populated\">\n\t\t\t\t\t\t\t<div class=\"elementor-widget-wrap\">\n\t\t\t\t\t\t<div class=\"elementor-element elementor-element-77e65d0 elementor-widget elementor-widget-heading\" data-id=\"77e65d0\" data-element_type=\"widget\" data-widget_type=\"heading.default\">\n\t\t\t\t<div class=\"elementor-widget-container\">\n\t\t\t<h3 class=\"elementor-heading-title elementor-size-default\">Powiedzia\u0142y jask\u00f3\u0142ki, \u017ce niedobre s\u0105 sp\u00f3\u0142ki?<\/h3>\t\t<\/div>\n\t\t\t\t<\/div>\n\t\t\t\t<div class=\"elementor-element elementor-element-5554a869 elementor-widget elementor-widget-text-editor\" data-id=\"5554a869\" data-element_type=\"widget\" data-widget_type=\"text-editor.default\">\n\t\t\t\t<div class=\"elementor-widget-container\">\n\t\t\t\t\t\t\t\t<div class=\"elementor-text-editor elementor-clearfix\">\n\t\t\t\t<p><strong>Przys\u0142owie znane, lecz czy prawdziwe? Dobry i zaufany partner biznesowy mo\u017ce by\u0107 znacznie cenniejszy ni\u017c najlepszy przyjaciel.<\/strong><\/p><p>Oczywi\u015bcie nie ma regu\u0142y, ale &#8211; co dwie g\u0142owy to nie jedna: wzajemne wsparcie, wsp\u00f3lne uczenie si\u0119, rozwijaj\u0105ce dyskusje, r\u00f3\u017cne podej\u015bcia do tego samego problemu. To wszystko s\u0105 niew\u0105tpliwe plusy zespo\u0142owego dzia\u0142ania. Udzia\u0142 wsp\u00f3lnik\u00f3w w funkcjonowaniu sp\u00f3\u0142ki nie musi by\u0107 r\u00f3wny \u2013 jeden z partner\u00f3w mo\u017ce wnie\u015b\u0107 wy\u0142\u0105cznie kapita\u0142, drugi natomiast sw\u0105 wiedz\u0119 i talent, jeden jest lepszym organizatorem pracy, inny ma bogate znajomo\u015bci biznesowe, jeszcze inny wiedz\u0119 z dziedziny prawa\u2026<\/p><p>Skoro wsp\u00f3lnicy mog\u0105 pe\u0142ni\u0107 w firmie r\u00f3\u017cne funkcje, to i sp\u00f3\u0142ki mog\u0105 by\u0107 r\u00f3\u017cne. Wyb\u00f3r jest naprawd\u0119 du\u017cy: pocz\u0105wszy od sp\u00f3\u0142ki cywilnej, poprzez sp\u00f3\u0142ki osobowe, a\u017c po kapita\u0142owe prawa handlowego i sp\u00f3\u0142ki akcyjne. Ka\u017cda forma wymaga ewidencji dzia\u0142a\u0144 gospodarczych, a wi\u0119kszo\u015b\u0107 sp\u00f3\u0142ek, musi prowadzi\u0107 tzw. pe\u0142ne ksi\u0119gi i sporz\u0105dza\u0107 coroczne sprawozdania finansowe. Rzetelne informacje ksi\u0119gowe nie tylko daj\u0105 realny obraz przedsi\u0119biorstwa, lecz mog\u0105 r\u00f3wnie\u017c znacz\u0105co wp\u0142yn\u0105\u0107 na jego rozw\u00f3j.<\/p><p><strong>Pomoc w interpretacji bilansu i rachunku zysk\u00f3w i strat mo\u017ce pom\u00f3c nie tylko zwi\u0119kszy\u0107 dochody firmy, ale r\u00f3wnie\u017c poprawi\u0107 p\u0142ynno\u015b\u0107 finansow\u0105 oraz lepiej zaplanowa\u0107 inwestycje.<\/strong><\/p>\t\t\t\t\t<\/div>\n\t\t\t\t\t\t<\/div>\n\t\t\t\t<\/div>\n\t\t\t\t<div class=\"elementor-element elementor-element-eba5d35 elementor-widget elementor-widget-spacer\" data-id=\"eba5d35\" data-element_type=\"widget\" data-widget_type=\"spacer.default\">\n\t\t\t\t<div class=\"elementor-widget-container\">\n\t\t\t\t\t<div class=\"elementor-spacer\">\n\t\t\t<div class=\"elementor-spacer-inner\"><\/div>\n\t\t<\/div>\n\t\t\t\t<\/div>\n\t\t\t\t<\/div>\n\t\t\t\t\t\t<\/div>\n\t\t\t\t\t<\/div>\n\t\t<\/div>\n\t\t\t\t<div class=\"elementor-column elementor-col-33 elementor-top-column elementor-element elementor-element-3d4f9a7\" data-id=\"3d4f9a7\" data-element_type=\"column\">\n\t\t\t<div class=\"elementor-column-wrap\">\n\t\t\t\t\t\t\t<div class=\"elementor-widget-wrap\">\n\t\t\t\t\t\t\t\t<\/div>\n\t\t\t\t\t<\/div>\n\t\t<\/div>\n\t\t\t\t<div class=\"elementor-column elementor-col-33 elementor-top-column elementor-element elementor-element-19e8f4cb\" data-id=\"19e8f4cb\" data-element_type=\"column\">\n\t\t\t<div class=\"elementor-column-wrap elementor-element-populated\">\n\t\t\t\t\t\t\t<div class=\"elementor-widget-wrap\">\n\t\t\t\t\t\t<div class=\"elementor-element elementor-element-a3b0d5d elementor-widget elementor-widget-image\" data-id=\"a3b0d5d\" data-element_type=\"widget\" data-widget_type=\"image.default\">\n\t\t\t\t<div class=\"elementor-widget-container\">\n\t\t\t\t\t\t\t\t<div class=\"elementor-image\">\n\t\t\t\t\t\t\t\t\t\t\t\t<img loading=\"lazy\" decoding=\"async\" width=\"1024\" height=\"576\" src=\"http:\/\/kravat.pl\/wp-content\/uploads\/2020\/09\/spolki-1024x576.png\" class=\"attachment-large size-large wp-image-626\" alt=\"\" srcset=\"http:\/\/kravat.pl\/wp-content\/uploads\/2020\/09\/spolki-1024x576.png 1024w, http:\/\/kravat.pl\/wp-content\/uploads\/2020\/09\/spolki-300x169.png 300w, http:\/\/kravat.pl\/wp-content\/uploads\/2020\/09\/spolki-768x432.png 768w, http:\/\/kravat.pl\/wp-content\/uploads\/2020\/09\/spolki-1536x864.png 1536w, http:\/\/kravat.pl\/wp-content\/uploads\/2020\/09\/spolki.png 1920w\" sizes=\"(max-width: 1024px) 100vw, 1024px\" \/>\t\t\t\t\t\t\t\t\t\t\t\t\t\t<\/div>\n\t\t\t\t\t\t<\/div>\n\t\t\t\t<\/div>\n\t\t\t\t<div class=\"elementor-element elementor-element-c359b20 elementor-widget elementor-widget-spacer\" data-id=\"c359b20\" data-element_type=\"widget\" data-widget_type=\"spacer.default\">\n\t\t\t\t<div class=\"elementor-widget-container\">\n\t\t\t\t\t<div class=\"elementor-spacer\">\n\t\t\t<div class=\"elementor-spacer-inner\"><\/div>\n\t\t<\/div>\n\t\t\t\t<\/div>\n\t\t\t\t<\/div>\n\t\t\t\t<div class=\"elementor-element elementor-element-5eea75f elementor-widget-divider--separator-type-pattern elementor-widget-divider--no-spacing elementor-widget-divider--view-line elementor-widget elementor-widget-divider\" data-id=\"5eea75f\" data-element_type=\"widget\" data-widget_type=\"divider.default\">\n\t\t\t\t<div class=\"elementor-widget-container\">\n\t\t\t\t\t<div class=\"elementor-divider\" style=\"--divider-pattern-url: url(&quot;data:image\/svg+xml,%3Csvg xmlns=&#039;http:\/\/www.w3.org\/2000\/svg&#039; preserveAspectRatio=&#039;xMidYMid meet&#039; overflow=&#039;visible&#039; height=&#039;100%&#039; viewBox=&#039;0 0 120 26&#039; fill=&#039;black&#039; stroke=&#039;none&#039;%3E%3Cpolygon points=&#039;0,14.4 0,21 11.5,12.4 21.3,20 30.4,11.1 40.3,20 51,12.4 60.6,20 69.6,11.1 79.3,20 90.1,12.4 99.6,20 109.7,11.1 120,21 120,14.4 109.7,5 99.6,13 90.1,5 79.3,14.5 71,5.7 60.6,12.4 51,5 40.3,14.5 31.1,5 21.3,13 11.5,5 \t&#039;\/%3E%3C\/svg%3E&quot;);\">\n\t\t\t<span class=\"elementor-divider-separator\">\n\t\t\t\t\t\t<\/span>\n\t\t<\/div>\n\t\t\t\t<\/div>\n\t\t\t\t<\/div>\n\t\t\t\t<div class=\"elementor-element elementor-element-15683a69 elementor-widget elementor-widget-heading\" data-id=\"15683a69\" data-element_type=\"widget\" data-widget_type=\"heading.default\">\n\t\t\t\t<div class=\"elementor-widget-container\">\n\t\t\t<h2 class=\"elementor-heading-title elementor-size-default\">PAKIETY DLA SP\u00d3\u0141EK<\/h2>\t\t<\/div>\n\t\t\t\t<\/div>\n\t\t\t\t<div class=\"elementor-element elementor-element-307dc31 elementor-align-center elementor-widget elementor-widget-button\" data-id=\"307dc31\" data-element_type=\"widget\" data-widget_type=\"button.default\">\n\t\t\t\t<div class=\"elementor-widget-container\">\n\t\t\t\t\t<div class=\"elementor-button-wrapper\">\n\t\t\t<a href=\"http:\/\/kravat.pl\/index.php\/ankieta-do-wyceny\/\" class=\"elementor-button-link elementor-button elementor-size-xl\" role=\"button\">\n\t\t\t\t\t\t<span class=\"elementor-button-content-wrapper\">\n\t\t\t\t\t\t<span class=\"elementor-button-text\">POPRO\u015a O WYCEN\u0118<\/span>\n\t\t<\/span>\n\t\t\t\t\t<\/a>\n\t\t<\/div>\n\t\t\t\t<\/div>\n\t\t\t\t<\/div>\n\t\t\t\t\t\t<\/div>\n\t\t\t\t\t<\/div>\n\t\t<\/div>\n\t\t\t\t\t\t\t\t<\/div>\n\t\t\t\t\t<\/div>\n\t\t<\/section>\n\t\t\t\t<section class=\"elementor-section elementor-top-section elementor-element elementor-element-49ea733 elementor-section-boxed elementor-section-height-default elementor-section-height-default\" data-id=\"49ea733\" data-element_type=\"section\">\n\t\t\t\t\t\t<div class=\"elementor-container elementor-column-gap-default\">\n\t\t\t\t\t\t\t<div class=\"elementor-row\">\n\t\t\t\t\t<div class=\"elementor-column elementor-col-100 elementor-top-column elementor-element elementor-element-042f5da\" data-id=\"042f5da\" data-element_type=\"column\">\n\t\t\t<div class=\"elementor-column-wrap\">\n\t\t\t\t\t\t\t<div class=\"elementor-widget-wrap\">\n\t\t\t\t\t\t\t\t<\/div>\n\t\t\t\t\t<\/div>\n\t\t<\/div>\n\t\t\t\t\t\t\t\t<\/div>\n\t\t\t\t\t<\/div>\n\t\t<\/section>\n\t\t\t\t\t\t\t\t\t<\/div>\n\t\t\t<\/div>\n\t\t\t\t\t<\/div>\n\t\t","protected":false},"excerpt":{"rendered":"<p>POZNAJ NASZ\u0104 OFERT\u0118 DLA SP\u00d3\u0141EK MA\u0141YCH I DU\u017bYCH Powiedzia\u0142y jask\u00f3\u0142ki, \u017ce niedobre s\u0105 sp\u00f3\u0142ki? Przys\u0142owie znane, lecz czy prawdziwe? Dobry i zaufany partner biznesowy mo\u017ce by\u0107 znacznie cenniejszy ni\u017c najlepszy przyjaciel. Oczywi\u015bcie nie ma regu\u0142y, ale &#8211; co dwie g\u0142owy to nie jedna: wzajemne wsparcie, wsp\u00f3lne uczenie si\u0119, rozwijaj\u0105ce dyskusje, r\u00f3\u017cne podej\u015bcia do tego samego &hellip;<\/p>\n<p class=\"read-more\"> <a class=\"\" href=\"http:\/\/kravat.pl\/index.php\/oferta\/spolki\/\"> <span class=\"screen-reader-text\">Dla sp\u00f3\u0142ek ma\u0142ych i du\u017cych<\/span> Read More &raquo;<\/a><\/p>\n","protected":false},"author":1,"featured_media":0,"parent":17,"menu_order":0,"comment_status":"closed","ping_status":"closed","template":"","meta":{"site-sidebar-layout":"no-sidebar","site-content-layout":"page-builder","ast-main-header-display":"","ast-hfb-above-header-display":"","ast-hfb-below-header-display":"","ast-hfb-mobile-header-display":"","site-post-title":"disabled","ast-breadcrumbs-content":"","ast-featured-img":"disabled","footer-sml-layout":"","theme-transparent-header-meta":"default","adv-header-id-meta":"","stick-header-meta":"","header-above-stick-meta":"","header-main-stick-meta":"","header-below-stick-meta":"","spay_email":"","footnotes":""},"_links":{"self":[{"href":"http:\/\/kravat.pl\/index.php\/wp-json\/wp\/v2\/pages\/365"}],"collection":[{"href":"http:\/\/kravat.pl\/index.php\/wp-json\/wp\/v2\/pages"}],"about":[{"href":"http:\/\/kravat.pl\/index.php\/wp-json\/wp\/v2\/types\/page"}],"author":[{"embeddable":true,"href":"http:\/\/kravat.pl\/index.php\/wp-json\/wp\/v2\/users\/1"}],"replies":[{"embeddable":true,"href":"http:\/\/kravat.pl\/index.php\/wp-json\/wp\/v2\/comments?post=365"}],"version-history":[{"count":17,"href":"http:\/\/kravat.pl\/index.php\/wp-json\/wp\/v2\/pages\/365\/revisions"}],"predecessor-version":[{"id":815,"href":"http:\/\/kravat.pl\/index.php\/wp-json\/wp\/v2\/pages\/365\/revisions\/815"}],"up":[{"embeddable":true,"href":"http:\/\/kravat.pl\/index.php\/wp-json\/wp\/v2\/pages\/17"}],"wp:attachment":[{"href":"http:\/\/kravat.pl\/index.php\/wp-json\/wp\/v2\/media?parent=365"}],"curies":[{"name":"wp","href":"https:\/\/api.w.org\/{rel}","templated":true}]}}