{"id":327,"date":"2019-12-13T22:42:23","date_gmt":"2019-12-13T21:42:23","guid":{"rendered":"http:\/\/kravat.pl\/?page_id=327"},"modified":"2025-03-14T13:17:44","modified_gmt":"2025-03-14T12:17:44","slug":"male-firmy","status":"publish","type":"page","link":"http:\/\/kravat.pl\/index.php\/oferta\/male-firmy\/","title":{"rendered":"Dla ma\u0142ych firm z wielk\u0105 przysz\u0142o\u015bci\u0105"},"content":{"rendered":"\t\t<div data-elementor-type=\"wp-page\" data-elementor-id=\"327\" class=\"elementor elementor-327\">\n\t\t\t\t\t\t<div class=\"elementor-inner\">\n\t\t\t\t<div class=\"elementor-section-wrap\">\n\t\t\t\t\t\t\t\t\t<section class=\"elementor-section elementor-top-section elementor-element elementor-element-7a299942 elementor-section-boxed elementor-section-height-default elementor-section-height-default\" data-id=\"7a299942\" data-element_type=\"section\" data-settings=\"{&quot;background_background&quot;:&quot;classic&quot;}\">\n\t\t\t\t\t\t\t<div class=\"elementor-background-overlay\"><\/div>\n\t\t\t\t\t\t\t<div class=\"elementor-container elementor-column-gap-no\">\n\t\t\t\t\t\t\t<div class=\"elementor-row\">\n\t\t\t\t\t<div class=\"elementor-column elementor-col-100 elementor-top-column elementor-element elementor-element-2f774caf\" data-id=\"2f774caf\" data-element_type=\"column\">\n\t\t\t<div class=\"elementor-column-wrap elementor-element-populated\">\n\t\t\t\t\t\t\t<div class=\"elementor-widget-wrap\">\n\t\t\t\t\t\t<div class=\"elementor-element elementor-element-1628acc0 elementor-widget elementor-widget-heading\" data-id=\"1628acc0\" data-element_type=\"widget\" data-widget_type=\"heading.default\">\n\t\t\t\t<div class=\"elementor-widget-container\">\n\t\t\t<h5 class=\"elementor-heading-title elementor-size-default\">POZNAJ NASZ\u0104<\/h5>\t\t<\/div>\n\t\t\t\t<\/div>\n\t\t\t\t<div class=\"elementor-element elementor-element-1b89d949 elementor-widget elementor-widget-heading\" data-id=\"1b89d949\" data-element_type=\"widget\" data-widget_type=\"heading.default\">\n\t\t\t\t<div class=\"elementor-widget-container\">\n\t\t\t<h1 class=\"elementor-heading-title elementor-size-default\">OFERT\u0118<\/h1>\t\t<\/div>\n\t\t\t\t<\/div>\n\t\t\t\t\t\t<\/div>\n\t\t\t\t\t<\/div>\n\t\t<\/div>\n\t\t\t\t\t\t\t\t<\/div>\n\t\t\t\t\t<\/div>\n\t\t<\/section>\n\t\t\t\t<section class=\"elementor-section elementor-top-section elementor-element elementor-element-95a1ed0 elementor-section-boxed elementor-section-height-default elementor-section-height-default\" data-id=\"95a1ed0\" data-element_type=\"section\">\n\t\t\t\t\t\t<div class=\"elementor-container elementor-column-gap-default\">\n\t\t\t\t\t\t\t<div class=\"elementor-row\">\n\t\t\t\t\t<div class=\"elementor-column elementor-col-100 elementor-top-column elementor-element elementor-element-df48e98\" data-id=\"df48e98\" data-element_type=\"column\">\n\t\t\t<div class=\"elementor-column-wrap elementor-element-populated\">\n\t\t\t\t\t\t\t<div class=\"elementor-widget-wrap\">\n\t\t\t\t\t\t<div class=\"elementor-element elementor-element-c3909c7 elementor-widget elementor-widget-spacer\" data-id=\"c3909c7\" data-element_type=\"widget\" data-widget_type=\"spacer.default\">\n\t\t\t\t<div class=\"elementor-widget-container\">\n\t\t\t\t\t<div class=\"elementor-spacer\">\n\t\t\t<div class=\"elementor-spacer-inner\"><\/div>\n\t\t<\/div>\n\t\t\t\t<\/div>\n\t\t\t\t<\/div>\n\t\t\t\t\t\t<\/div>\n\t\t\t\t\t<\/div>\n\t\t<\/div>\n\t\t\t\t\t\t\t\t<\/div>\n\t\t\t\t\t<\/div>\n\t\t<\/section>\n\t\t\t\t<section class=\"elementor-section elementor-top-section elementor-element elementor-element-76142017 elementor-section-boxed elementor-section-height-default elementor-section-height-default\" data-id=\"76142017\" data-element_type=\"section\">\n\t\t\t\t\t\t<div class=\"elementor-container elementor-column-gap-default\">\n\t\t\t\t\t\t\t<div class=\"elementor-row\">\n\t\t\t\t\t<div class=\"elementor-column elementor-col-100 elementor-top-column elementor-element elementor-element-604ed874\" data-id=\"604ed874\" data-element_type=\"column\">\n\t\t\t<div class=\"elementor-column-wrap elementor-element-populated\">\n\t\t\t\t\t\t\t<div class=\"elementor-widget-wrap\">\n\t\t\t\t\t\t<div class=\"elementor-element elementor-element-6d7279b9 elementor-widget elementor-widget-heading\" data-id=\"6d7279b9\" data-element_type=\"widget\" data-widget_type=\"heading.default\">\n\t\t\t\t<div class=\"elementor-widget-container\">\n\t\t\t<h2 class=\"elementor-heading-title elementor-size-default\">DLA MA\u0141YCH FIRM Z WIELK\u0104 PRZYSZ\u0141O\u015aCI\u0104 <\/h2>\t\t<\/div>\n\t\t\t\t<\/div>\n\t\t\t\t\t\t<\/div>\n\t\t\t\t\t<\/div>\n\t\t<\/div>\n\t\t\t\t\t\t\t\t<\/div>\n\t\t\t\t\t<\/div>\n\t\t<\/section>\n\t\t\t\t<section class=\"elementor-section elementor-top-section elementor-element elementor-element-3ac13e5 elementor-section-boxed elementor-section-height-default elementor-section-height-default\" data-id=\"3ac13e5\" data-element_type=\"section\">\n\t\t\t\t\t\t<div class=\"elementor-container elementor-column-gap-default\">\n\t\t\t\t\t\t\t<div class=\"elementor-row\">\n\t\t\t\t\t<div class=\"elementor-column elementor-col-33 elementor-top-column elementor-element elementor-element-250646cf\" data-id=\"250646cf\" data-element_type=\"column\">\n\t\t\t<div class=\"elementor-column-wrap elementor-element-populated\">\n\t\t\t\t\t\t\t<div class=\"elementor-widget-wrap\">\n\t\t\t\t\t\t<div class=\"elementor-element elementor-element-c07b201 elementor-widget elementor-widget-heading\" data-id=\"c07b201\" data-element_type=\"widget\" data-widget_type=\"heading.default\">\n\t\t\t\t<div class=\"elementor-widget-container\">\n\t\t\t<h3 class=\"elementor-heading-title elementor-size-default\">Ma\u0142e jest pi\u0119kne<\/h3>\t\t<\/div>\n\t\t\t\t<\/div>\n\t\t\t\t<div class=\"elementor-element elementor-element-50a8981 elementor-widget elementor-widget-text-editor\" data-id=\"50a8981\" data-element_type=\"widget\" data-widget_type=\"text-editor.default\">\n\t\t\t\t<div class=\"elementor-widget-container\">\n\t\t\t\t\t\t\t\t<div class=\"elementor-text-editor elementor-clearfix\">\n\t\t\t\t<p><strong>Mikro i mali przedsi\u0119biorcy s\u0105 podstaw\u0105 gospodarki europejskiej.<\/strong> <\/p><p>To nie tylko mi\u0142y pan z pobliskiego warzywnika, dentysta \u2013 cz\u0119sto ten jedyny godny zaufania, fryzjerka, od kt\u00f3rej zawsze wychodzi si\u0119 pi\u0119kniejszym, ale te\u017c nasi ubezpieczyciele, informatycy, taks\u00f3wkarze, czy te\u017c opiekunki naszych dzieci\u2026<\/p><p>Dzia\u0142aj\u0105 r\u00f3\u017cnie: jako \u201eprywaciarze\u201d, jako r\u00f3\u017cnego rodzaju sp\u00f3\u0142ki, a czasem jako organizacje pozarz\u0105dowe. \u0141\u0105czy ich jedno \u2013 s\u0105 niezale\u017cni, kreatywni, sami organizuj\u0105 miejsce swojej pracy, a nierzadko oferuj\u0105 prac\u0119 innym. Dzi\u0119ki w\u0142asnej firmie spe\u0142niaj\u0105 swoje marzenia.<\/p><p>Wszystkie firmy \u2013 zar\u00f3wno nowe jak i ju\u017c d\u0142u\u017cszy czas dzia\u0142aj\u0105ce na rynku, musz\u0105 rozlicza\u0107 si\u0119 z urz\u0119dem skarbowym, a tak\u017ce musz\u0105 prowadzi\u0107 i przechowywa\u0107 dokumentacj\u0119 ksi\u0119gow\u0105.<\/p><p>Jak robi\u0107 to dobrze, \u017ceby \u201epapierologia\u201d nie krad\u0142a cennego czasu? Jak wyci\u0105ga\u0107 wnioski z prowadzonych ewidencji, \u017ceby firma przynosi\u0142a wi\u0119cej dochod\u00f3w, a podatki by\u0142y ni\u017csze? Nie b\u0119d\u0105c specjalist\u0105 \u0142atwo pope\u0142ni\u0107 b\u0142\u0105d, \u0142atwo zagubi\u0107 si\u0119 w ustawowych zawi\u0142o\u015bciach, trudno udowodni\u0107 swoje racje podczas kontroli z urz\u0119du skarbowego.<\/p><p><strong>Dzi\u0119ki wykwalifikowanemu zespo\u0142owi ksi\u0119gowych, podatki staj\u0105 si\u0119 \u0142atwe, a ewidencje ksi\u0119gowe przestaj\u0105 by\u0107 tylko zbiorem papier\u00f3w, lecz s\u0105 podstaw\u0105 do raport\u00f3w i analiz, kt\u00f3re mog\u0105 w znacz\u0105cy spos\u00f3b wp\u0142yn\u0105\u0107 na rozw\u00f3j przedsi\u0119biorstwa.<\/strong><\/p>\t\t\t\t\t<\/div>\n\t\t\t\t\t\t<\/div>\n\t\t\t\t<\/div>\n\t\t\t\t<div class=\"elementor-element elementor-element-8cd3945 elementor-widget elementor-widget-spacer\" data-id=\"8cd3945\" data-element_type=\"widget\" data-widget_type=\"spacer.default\">\n\t\t\t\t<div class=\"elementor-widget-container\">\n\t\t\t\t\t<div class=\"elementor-spacer\">\n\t\t\t<div class=\"elementor-spacer-inner\"><\/div>\n\t\t<\/div>\n\t\t\t\t<\/div>\n\t\t\t\t<\/div>\n\t\t\t\t\t\t<\/div>\n\t\t\t\t\t<\/div>\n\t\t<\/div>\n\t\t\t\t<div class=\"elementor-column elementor-col-33 elementor-top-column elementor-element elementor-element-6e3948eb\" data-id=\"6e3948eb\" data-element_type=\"column\">\n\t\t\t<div class=\"elementor-column-wrap\">\n\t\t\t\t\t\t\t<div class=\"elementor-widget-wrap\">\n\t\t\t\t\t\t\t\t<\/div>\n\t\t\t\t\t<\/div>\n\t\t<\/div>\n\t\t\t\t<div class=\"elementor-column elementor-col-33 elementor-top-column elementor-element elementor-element-6c5b02e9\" data-id=\"6c5b02e9\" data-element_type=\"column\">\n\t\t\t<div class=\"elementor-column-wrap elementor-element-populated\">\n\t\t\t\t\t\t\t<div class=\"elementor-widget-wrap\">\n\t\t\t\t\t\t<div class=\"elementor-element elementor-element-2befe529 elementor-widget elementor-widget-image\" data-id=\"2befe529\" data-element_type=\"widget\" data-widget_type=\"image.default\">\n\t\t\t\t<div class=\"elementor-widget-container\">\n\t\t\t\t\t\t\t\t<div class=\"elementor-image\">\n\t\t\t\t\t\t\t\t\t\t\t\t<img loading=\"lazy\" decoding=\"async\" width=\"1024\" height=\"576\" src=\"http:\/\/kravat.pl\/wp-content\/uploads\/2020\/09\/male_firmy-1024x576.png\" class=\"attachment-large size-large wp-image-625\" alt=\"\" srcset=\"http:\/\/kravat.pl\/wp-content\/uploads\/2020\/09\/male_firmy-1024x576.png 1024w, http:\/\/kravat.pl\/wp-content\/uploads\/2020\/09\/male_firmy-300x169.png 300w, http:\/\/kravat.pl\/wp-content\/uploads\/2020\/09\/male_firmy-768x432.png 768w, http:\/\/kravat.pl\/wp-content\/uploads\/2020\/09\/male_firmy-1536x864.png 1536w, http:\/\/kravat.pl\/wp-content\/uploads\/2020\/09\/male_firmy.png 1920w\" sizes=\"(max-width: 1024px) 100vw, 1024px\" \/>\t\t\t\t\t\t\t\t\t\t\t\t\t\t<\/div>\n\t\t\t\t\t\t<\/div>\n\t\t\t\t<\/div>\n\t\t\t\t<div class=\"elementor-element elementor-element-510d6bb elementor-widget elementor-widget-spacer\" data-id=\"510d6bb\" data-element_type=\"widget\" data-widget_type=\"spacer.default\">\n\t\t\t\t<div class=\"elementor-widget-container\">\n\t\t\t\t\t<div class=\"elementor-spacer\">\n\t\t\t<div class=\"elementor-spacer-inner\"><\/div>\n\t\t<\/div>\n\t\t\t\t<\/div>\n\t\t\t\t<\/div>\n\t\t\t\t<div class=\"elementor-element elementor-element-e4c5a60 elementor-widget-divider--separator-type-pattern elementor-widget-divider--no-spacing elementor-widget-divider--view-line elementor-widget elementor-widget-divider\" data-id=\"e4c5a60\" data-element_type=\"widget\" data-widget_type=\"divider.default\">\n\t\t\t\t<div class=\"elementor-widget-container\">\n\t\t\t\t\t<div class=\"elementor-divider\" style=\"--divider-pattern-url: url(&quot;data:image\/svg+xml,%3Csvg xmlns=&#039;http:\/\/www.w3.org\/2000\/svg&#039; preserveAspectRatio=&#039;xMidYMid meet&#039; overflow=&#039;visible&#039; height=&#039;100%&#039; viewBox=&#039;0 0 120 26&#039; fill=&#039;black&#039; stroke=&#039;none&#039;%3E%3Cpolygon points=&#039;0,14.4 0,21 11.5,12.4 21.3,20 30.4,11.1 40.3,20 51,12.4 60.6,20 69.6,11.1 79.3,20 90.1,12.4 99.6,20 109.7,11.1 120,21 120,14.4 109.7,5 99.6,13 90.1,5 79.3,14.5 71,5.7 60.6,12.4 51,5 40.3,14.5 31.1,5 21.3,13 11.5,5 \t&#039;\/%3E%3C\/svg%3E&quot;);\">\n\t\t\t<span class=\"elementor-divider-separator\">\n\t\t\t\t\t\t<\/span>\n\t\t<\/div>\n\t\t\t\t<\/div>\n\t\t\t\t<\/div>\n\t\t\t\t<div class=\"elementor-element elementor-element-1381e1c6 elementor-widget elementor-widget-heading\" data-id=\"1381e1c6\" data-element_type=\"widget\" data-widget_type=\"heading.default\">\n\t\t\t\t<div class=\"elementor-widget-container\">\n\t\t\t<h2 class=\"elementor-heading-title elementor-size-default\">PAKIETY DLA MA\u0141YCH FIRM<\/h2>\t\t<\/div>\n\t\t\t\t<\/div>\n\t\t\t\t<div class=\"elementor-element elementor-element-e018666 elementor-align-center elementor-widget elementor-widget-button\" data-id=\"e018666\" data-element_type=\"widget\" data-widget_type=\"button.default\">\n\t\t\t\t<div class=\"elementor-widget-container\">\n\t\t\t\t\t<div class=\"elementor-button-wrapper\">\n\t\t\t<a href=\"http:\/\/kravat.pl\/index.php\/ankieta-do-wyceny\/\" class=\"elementor-button-link elementor-button elementor-size-xl\" role=\"button\">\n\t\t\t\t\t\t<span class=\"elementor-button-content-wrapper\">\n\t\t\t\t\t\t<span class=\"elementor-button-text\">ZAMAWIAM WYCEN\u0118<\/span>\n\t\t<\/span>\n\t\t\t\t\t<\/a>\n\t\t<\/div>\n\t\t\t\t<\/div>\n\t\t\t\t<\/div>\n\t\t\t\t\t\t<\/div>\n\t\t\t\t\t<\/div>\n\t\t<\/div>\n\t\t\t\t\t\t\t\t<\/div>\n\t\t\t\t\t<\/div>\n\t\t<\/section>\n\t\t\t\t<section class=\"elementor-section elementor-top-section elementor-element elementor-element-197ee71a elementor-section-boxed elementor-section-height-default elementor-section-height-default\" data-id=\"197ee71a\" data-element_type=\"section\">\n\t\t\t\t\t\t<div class=\"elementor-container elementor-column-gap-default\">\n\t\t\t\t\t\t\t<div class=\"elementor-row\">\n\t\t\t\t\t<div class=\"elementor-column elementor-col-50 elementor-top-column elementor-element elementor-element-3962838\" data-id=\"3962838\" data-element_type=\"column\">\n\t\t\t<div class=\"elementor-column-wrap\">\n\t\t\t\t\t\t\t<div class=\"elementor-widget-wrap\">\n\t\t\t\t\t\t\t\t<\/div>\n\t\t\t\t\t<\/div>\n\t\t<\/div>\n\t\t\t\t<div class=\"elementor-column elementor-col-50 elementor-top-column elementor-element elementor-element-1c13b931\" data-id=\"1c13b931\" data-element_type=\"column\">\n\t\t\t<div class=\"elementor-column-wrap\">\n\t\t\t\t\t\t\t<div class=\"elementor-widget-wrap\">\n\t\t\t\t\t\t\t\t<\/div>\n\t\t\t\t\t<\/div>\n\t\t<\/div>\n\t\t\t\t\t\t\t\t<\/div>\n\t\t\t\t\t<\/div>\n\t\t<\/section>\n\t\t\t\t\t\t\t\t\t<\/div>\n\t\t\t<\/div>\n\t\t\t\t\t<\/div>\n\t\t","protected":false},"excerpt":{"rendered":"<p>POZNAJ NASZ\u0104 OFERT\u0118 DLA MA\u0141YCH FIRM Z WIELK\u0104 PRZYSZ\u0141O\u015aCI\u0104 Ma\u0142e jest pi\u0119kne Mikro i mali przedsi\u0119biorcy s\u0105 podstaw\u0105 gospodarki europejskiej. To nie tylko mi\u0142y pan z pobliskiego warzywnika, dentysta \u2013 cz\u0119sto ten jedyny godny zaufania, fryzjerka, od kt\u00f3rej zawsze wychodzi si\u0119 pi\u0119kniejszym, ale te\u017c nasi ubezpieczyciele, informatycy, taks\u00f3wkarze, czy te\u017c opiekunki naszych dzieci\u2026 Dzia\u0142aj\u0105 r\u00f3\u017cnie: &hellip;<\/p>\n<p class=\"read-more\"> <a class=\"\" href=\"http:\/\/kravat.pl\/index.php\/oferta\/male-firmy\/\"> <span class=\"screen-reader-text\">Dla ma\u0142ych firm z wielk\u0105 przysz\u0142o\u015bci\u0105<\/span> Read More &raquo;<\/a><\/p>\n","protected":false},"author":1,"featured_media":0,"parent":17,"menu_order":0,"comment_status":"closed","ping_status":"closed","template":"","meta":{"site-sidebar-layout":"no-sidebar","site-content-layout":"page-builder","ast-main-header-display":"","ast-hfb-above-header-display":"","ast-hfb-below-header-display":"","ast-hfb-mobile-header-display":"","site-post-title":"disabled","ast-breadcrumbs-content":"","ast-featured-img":"disabled","footer-sml-layout":"","theme-transparent-header-meta":"default","adv-header-id-meta":"","stick-header-meta":"","header-above-stick-meta":"","header-main-stick-meta":"","header-below-stick-meta":"","spay_email":"","footnotes":""},"_links":{"self":[{"href":"http:\/\/kravat.pl\/index.php\/wp-json\/wp\/v2\/pages\/327"}],"collection":[{"href":"http:\/\/kravat.pl\/index.php\/wp-json\/wp\/v2\/pages"}],"about":[{"href":"http:\/\/kravat.pl\/index.php\/wp-json\/wp\/v2\/types\/page"}],"author":[{"embeddable":true,"href":"http:\/\/kravat.pl\/index.php\/wp-json\/wp\/v2\/users\/1"}],"replies":[{"embeddable":true,"href":"http:\/\/kravat.pl\/index.php\/wp-json\/wp\/v2\/comments?post=327"}],"version-history":[{"count":19,"href":"http:\/\/kravat.pl\/index.php\/wp-json\/wp\/v2\/pages\/327\/revisions"}],"predecessor-version":[{"id":809,"href":"http:\/\/kravat.pl\/index.php\/wp-json\/wp\/v2\/pages\/327\/revisions\/809"}],"up":[{"embeddable":true,"href":"http:\/\/kravat.pl\/index.php\/wp-json\/wp\/v2\/pages\/17"}],"wp:attachment":[{"href":"http:\/\/kravat.pl\/index.php\/wp-json\/wp\/v2\/media?parent=327"}],"curies":[{"name":"wp","href":"https:\/\/api.w.org\/{rel}","templated":true}]}}