{"id":279,"date":"2019-12-11T02:53:23","date_gmt":"2019-12-11T01:53:23","guid":{"rendered":"http:\/\/kravat.pl\/?page_id=279"},"modified":"2025-03-14T13:18:25","modified_gmt":"2025-03-14T12:18:25","slug":"dla-samozatrudnionych","status":"publish","type":"page","link":"http:\/\/kravat.pl\/index.php\/oferta\/dla-samozatrudnionych\/","title":{"rendered":"Dla samozatrudnionych"},"content":{"rendered":"\t\t<div data-elementor-type=\"wp-page\" data-elementor-id=\"279\" class=\"elementor elementor-279\">\n\t\t\t\t\t\t<div class=\"elementor-inner\">\n\t\t\t\t<div class=\"elementor-section-wrap\">\n\t\t\t\t\t\t\t\t\t<section class=\"elementor-section elementor-top-section elementor-element elementor-element-6a6cbe6 elementor-section-boxed elementor-section-height-default elementor-section-height-default\" data-id=\"6a6cbe6\" data-element_type=\"section\" data-settings=\"{&quot;background_background&quot;:&quot;classic&quot;}\">\n\t\t\t\t\t\t\t<div class=\"elementor-background-overlay\"><\/div>\n\t\t\t\t\t\t\t<div class=\"elementor-container elementor-column-gap-no\">\n\t\t\t\t\t\t\t<div class=\"elementor-row\">\n\t\t\t\t\t<div class=\"elementor-column elementor-col-100 elementor-top-column elementor-element elementor-element-528176b7\" data-id=\"528176b7\" data-element_type=\"column\">\n\t\t\t<div class=\"elementor-column-wrap elementor-element-populated\">\n\t\t\t\t\t\t\t<div class=\"elementor-widget-wrap\">\n\t\t\t\t\t\t<div class=\"elementor-element elementor-element-7783ef6e elementor-widget elementor-widget-heading\" data-id=\"7783ef6e\" data-element_type=\"widget\" data-widget_type=\"heading.default\">\n\t\t\t\t<div class=\"elementor-widget-container\">\n\t\t\t<h5 class=\"elementor-heading-title elementor-size-default\">POZNAJ NASZ\u0104<\/h5>\t\t<\/div>\n\t\t\t\t<\/div>\n\t\t\t\t<div class=\"elementor-element elementor-element-338d8f63 elementor-widget elementor-widget-heading\" data-id=\"338d8f63\" data-element_type=\"widget\" data-widget_type=\"heading.default\">\n\t\t\t\t<div class=\"elementor-widget-container\">\n\t\t\t<h1 class=\"elementor-heading-title elementor-size-default\">OFERT\u0118<\/h1>\t\t<\/div>\n\t\t\t\t<\/div>\n\t\t\t\t\t\t<\/div>\n\t\t\t\t\t<\/div>\n\t\t<\/div>\n\t\t\t\t\t\t\t\t<\/div>\n\t\t\t\t\t<\/div>\n\t\t<\/section>\n\t\t\t\t<section class=\"elementor-section elementor-top-section elementor-element elementor-element-50925b9 elementor-section-boxed elementor-section-height-default elementor-section-height-default\" data-id=\"50925b9\" data-element_type=\"section\">\n\t\t\t\t\t\t<div class=\"elementor-container elementor-column-gap-default\">\n\t\t\t\t\t\t\t<div class=\"elementor-row\">\n\t\t\t\t\t<div class=\"elementor-column elementor-col-100 elementor-top-column elementor-element elementor-element-75bac7d\" data-id=\"75bac7d\" data-element_type=\"column\">\n\t\t\t<div class=\"elementor-column-wrap elementor-element-populated\">\n\t\t\t\t\t\t\t<div class=\"elementor-widget-wrap\">\n\t\t\t\t\t\t<div class=\"elementor-element elementor-element-75bb2c8 elementor-widget elementor-widget-spacer\" data-id=\"75bb2c8\" data-element_type=\"widget\" data-widget_type=\"spacer.default\">\n\t\t\t\t<div class=\"elementor-widget-container\">\n\t\t\t\t\t<div class=\"elementor-spacer\">\n\t\t\t<div class=\"elementor-spacer-inner\"><\/div>\n\t\t<\/div>\n\t\t\t\t<\/div>\n\t\t\t\t<\/div>\n\t\t\t\t\t\t<\/div>\n\t\t\t\t\t<\/div>\n\t\t<\/div>\n\t\t\t\t\t\t\t\t<\/div>\n\t\t\t\t\t<\/div>\n\t\t<\/section>\n\t\t\t\t<section class=\"elementor-section elementor-top-section elementor-element elementor-element-78ed5c6 elementor-section-boxed elementor-section-height-default elementor-section-height-default\" data-id=\"78ed5c6\" data-element_type=\"section\">\n\t\t\t\t\t\t<div class=\"elementor-container elementor-column-gap-default\">\n\t\t\t\t\t\t\t<div class=\"elementor-row\">\n\t\t\t\t\t<div class=\"elementor-column elementor-col-100 elementor-top-column elementor-element elementor-element-73cdf1b\" data-id=\"73cdf1b\" data-element_type=\"column\">\n\t\t\t<div class=\"elementor-column-wrap elementor-element-populated\">\n\t\t\t\t\t\t\t<div class=\"elementor-widget-wrap\">\n\t\t\t\t\t\t<div class=\"elementor-element elementor-element-0a18b25 elementor-widget elementor-widget-heading\" data-id=\"0a18b25\" data-element_type=\"widget\" data-widget_type=\"heading.default\">\n\t\t\t\t<div class=\"elementor-widget-container\">\n\t\t\t<h2 class=\"elementor-heading-title elementor-size-default\">DLA OS\u00d3B SAMOZATRUDNIONYCH<\/h2>\t\t<\/div>\n\t\t\t\t<\/div>\n\t\t\t\t\t\t<\/div>\n\t\t\t\t\t<\/div>\n\t\t<\/div>\n\t\t\t\t\t\t\t\t<\/div>\n\t\t\t\t\t<\/div>\n\t\t<\/section>\n\t\t\t\t<section class=\"elementor-section elementor-top-section elementor-element elementor-element-2bee92c elementor-section-boxed elementor-section-height-default elementor-section-height-default\" data-id=\"2bee92c\" data-element_type=\"section\">\n\t\t\t\t\t\t<div class=\"elementor-container elementor-column-gap-default\">\n\t\t\t\t\t\t\t<div class=\"elementor-row\">\n\t\t\t\t\t<div class=\"elementor-column elementor-col-50 elementor-top-column elementor-element elementor-element-b9173d6\" data-id=\"b9173d6\" data-element_type=\"column\">\n\t\t\t<div class=\"elementor-column-wrap elementor-element-populated\">\n\t\t\t\t\t\t\t<div class=\"elementor-widget-wrap\">\n\t\t\t\t\t\t<div class=\"elementor-element elementor-element-7e70a57 elementor-widget elementor-widget-text-editor\" data-id=\"7e70a57\" data-element_type=\"widget\" data-widget_type=\"text-editor.default\">\n\t\t\t\t<div class=\"elementor-widget-container\">\n\t\t\t\t\t\t\t\t<div class=\"elementor-text-editor elementor-clearfix\">\n\t\t\t\t<p><strong>Samozatrudnienie jest obecnie niezwykle popularn\u0105 form\u0105 wsp\u00f3\u0142pracy, wart\u0105 rozwa\u017cenia zar\u00f3wno dla pracodawcy jak i zatrudnianego.<\/strong><\/p><p>Pracodawca dzi\u0119ki samozatrudnieniu oszcz\u0119dza przede wszystkim sw\u00f3j cenny czas, kt\u00f3ry musia\u0142by po\u015bwi\u0119ci\u0107 na prowadzenie szeregu ewidencji zwi\u0105zanych ze stworzeniem etatu. Nak\u0142ad pracy potrzebny przy prowadzeniu akt osobowych, ewidencji czasu pracy, wymagaj\u0105cych rozlicze\u0144 PIT-\u00f3w pracowniczych i deklaracji do ZUS sprawia, \u017ce koszt obs\u0142ugi jednego pracownika staje si\u0119 niezwykle wysoki, nie wspominaj\u0105c nawet o kwestii rzeczywistego kosztu, jakim s\u0105 sk\u0142adki ZUS. Tym samym stawka, kt\u00f3r\u0105 pracodawca mo\u017ce zaproponowa\u0107 kandydatowi na konkretne stanowisko nie odzwierciedla rzeczywi\u015bcie poniesionego kosztu i jest ma\u0142o atrakcyjna pod wzgl\u0119dem marketingowym.<\/p><p><strong>Zatrudniony natomiast, staj\u0105c si\u0119 przedsi\u0119biorc\u0105, zyskuje znacznie lepsze wynagrodzenie \u2013 a kto nie chcia\u0142by wi\u0119cej zarabia\u0107?!<\/strong><\/p><p><strong>Najlepiej obrazuje to poni\u017cszy przyk\u0142ad:<\/strong><\/p>\t\t\t\t\t<\/div>\n\t\t\t\t\t\t<\/div>\n\t\t\t\t<\/div>\n\t\t\t\t\t\t<\/div>\n\t\t\t\t\t<\/div>\n\t\t<\/div>\n\t\t\t\t<div class=\"elementor-column elementor-col-50 elementor-top-column elementor-element elementor-element-4731fec\" data-id=\"4731fec\" data-element_type=\"column\">\n\t\t\t<div class=\"elementor-column-wrap elementor-element-populated\">\n\t\t\t\t\t\t\t<div class=\"elementor-widget-wrap\">\n\t\t\t\t\t\t<div class=\"elementor-element elementor-element-07d4326 elementor-widget elementor-widget-image\" data-id=\"07d4326\" data-element_type=\"widget\" data-widget_type=\"image.default\">\n\t\t\t\t<div class=\"elementor-widget-container\">\n\t\t\t\t\t\t\t\t<div class=\"elementor-image\">\n\t\t\t\t\t\t\t\t\t\t\t\t<img loading=\"lazy\" decoding=\"async\" width=\"1024\" height=\"576\" src=\"http:\/\/kravat.pl\/wp-content\/uploads\/2020\/09\/samozatrudnieni-1024x576.png\" class=\"attachment-large size-large wp-image-624\" alt=\"\" srcset=\"http:\/\/kravat.pl\/wp-content\/uploads\/2020\/09\/samozatrudnieni-1024x576.png 1024w, http:\/\/kravat.pl\/wp-content\/uploads\/2020\/09\/samozatrudnieni-300x169.png 300w, http:\/\/kravat.pl\/wp-content\/uploads\/2020\/09\/samozatrudnieni-768x432.png 768w, http:\/\/kravat.pl\/wp-content\/uploads\/2020\/09\/samozatrudnieni-1536x864.png 1536w, http:\/\/kravat.pl\/wp-content\/uploads\/2020\/09\/samozatrudnieni.png 1920w\" sizes=\"(max-width: 1024px) 100vw, 1024px\" \/>\t\t\t\t\t\t\t\t\t\t\t\t\t\t<\/div>\n\t\t\t\t\t\t<\/div>\n\t\t\t\t<\/div>\n\t\t\t\t<div class=\"elementor-element elementor-element-34662a8 elementor-widget-divider--separator-type-pattern elementor-widget-divider--no-spacing elementor-widget-divider--view-line elementor-widget elementor-widget-divider\" data-id=\"34662a8\" data-element_type=\"widget\" data-widget_type=\"divider.default\">\n\t\t\t\t<div class=\"elementor-widget-container\">\n\t\t\t\t\t<div class=\"elementor-divider\" style=\"--divider-pattern-url: url(&quot;data:image\/svg+xml,%3Csvg xmlns=&#039;http:\/\/www.w3.org\/2000\/svg&#039; preserveAspectRatio=&#039;xMidYMid meet&#039; overflow=&#039;visible&#039; height=&#039;100%&#039; viewBox=&#039;0 0 120 26&#039; fill=&#039;black&#039; stroke=&#039;none&#039;%3E%3Cpolygon points=&#039;0,14.4 0,21 11.5,12.4 21.3,20 30.4,11.1 40.3,20 51,12.4 60.6,20 69.6,11.1 79.3,20 90.1,12.4 99.6,20 109.7,11.1 120,21 120,14.4 109.7,5 99.6,13 90.1,5 79.3,14.5 71,5.7 60.6,12.4 51,5 40.3,14.5 31.1,5 21.3,13 11.5,5 \t&#039;\/%3E%3C\/svg%3E&quot;);\">\n\t\t\t<span class=\"elementor-divider-separator\">\n\t\t\t\t\t\t<\/span>\n\t\t<\/div>\n\t\t\t\t<\/div>\n\t\t\t\t<\/div>\n\t\t\t\t<div class=\"elementor-element elementor-element-3eeb67b elementor-widget elementor-widget-heading\" data-id=\"3eeb67b\" data-element_type=\"widget\" data-widget_type=\"heading.default\">\n\t\t\t\t<div class=\"elementor-widget-container\">\n\t\t\t<h2 class=\"elementor-heading-title elementor-size-default\">PAKIETY DLA SAMOZATRUDNIONYCH<\/h2>\t\t<\/div>\n\t\t\t\t<\/div>\n\t\t\t\t<div class=\"elementor-element elementor-element-cc00971 elementor-align-center elementor-widget elementor-widget-button\" data-id=\"cc00971\" data-element_type=\"widget\" data-widget_type=\"button.default\">\n\t\t\t\t<div class=\"elementor-widget-container\">\n\t\t\t\t\t<div class=\"elementor-button-wrapper\">\n\t\t\t<a href=\"http:\/\/kravat.pl\/index.php\/ankieta-do-wyceny\/\" class=\"elementor-button-link elementor-button elementor-size-xl\" role=\"button\">\n\t\t\t\t\t\t<span class=\"elementor-button-content-wrapper\">\n\t\t\t\t\t\t<span class=\"elementor-button-text\">ZAMAWIAM WYCEN\u0118<\/span>\n\t\t<\/span>\n\t\t\t\t\t<\/a>\n\t\t<\/div>\n\t\t\t\t<\/div>\n\t\t\t\t<\/div>\n\t\t\t\t\t\t<\/div>\n\t\t\t\t\t<\/div>\n\t\t<\/div>\n\t\t\t\t\t\t\t\t<\/div>\n\t\t\t\t\t<\/div>\n\t\t<\/section>\n\t\t\t\t<section class=\"elementor-section elementor-top-section elementor-element elementor-element-1e31f8d elementor-section-boxed elementor-section-height-default elementor-section-height-default\" data-id=\"1e31f8d\" data-element_type=\"section\">\n\t\t\t\t\t\t<div class=\"elementor-container elementor-column-gap-default\">\n\t\t\t\t\t\t\t<div class=\"elementor-row\">\n\t\t\t\t\t<div class=\"elementor-column elementor-col-33 elementor-top-column elementor-element elementor-element-6de6566\" data-id=\"6de6566\" data-element_type=\"column\">\n\t\t\t<div class=\"elementor-column-wrap elementor-element-populated\">\n\t\t\t\t\t\t\t<div class=\"elementor-widget-wrap\">\n\t\t\t\t\t\t<div class=\"elementor-element elementor-element-6a0d08d elementor-widget elementor-widget-heading\" data-id=\"6a0d08d\" data-element_type=\"widget\" data-widget_type=\"heading.default\">\n\t\t\t\t<div class=\"elementor-widget-container\">\n\t\t\t<h4 class=\"elementor-heading-title elementor-size-default\">UMOWA O PRAC\u0118<\/h4>\t\t<\/div>\n\t\t\t\t<\/div>\n\t\t\t\t<div class=\"elementor-element elementor-element-7b816a7 elementor-widget elementor-widget-text-editor\" data-id=\"7b816a7\" data-element_type=\"widget\" data-widget_type=\"text-editor.default\">\n\t\t\t\t<div class=\"elementor-widget-container\">\n\t\t\t\t\t\t\t\t<div class=\"elementor-text-editor elementor-clearfix\">\n\t\t\t\t<p>Kwota netto (\u201ena r\u0119k\u0119\u201d): <strong>5000,00 z\u0142<\/strong><\/p><p>Kwota brutto (na umowie): <strong>6966,04 z\u0142<\/strong><\/p><p>Ca\u0142kowity koszt pracodawcy ze sk\u0142adkami ZUS (bez uwzgl\u0119dnienia obs\u0142ugi kadrowej): <strong>8392,69 z\u0142<\/strong><\/p>\t\t\t\t\t<\/div>\n\t\t\t\t\t\t<\/div>\n\t\t\t\t<\/div>\n\t\t\t\t<div class=\"elementor-element elementor-element-ede3381 elementor-widget elementor-widget-heading\" data-id=\"ede3381\" data-element_type=\"widget\" data-widget_type=\"heading.default\">\n\t\t\t\t<div class=\"elementor-widget-container\">\n\t\t\t<h4 class=\"elementor-heading-title elementor-size-default\">DZIA\u0141ALNO\u015a\u0106 GOSPODARCZA<\/h4>\t\t<\/div>\n\t\t\t\t<\/div>\n\t\t\t\t<div class=\"elementor-element elementor-element-64259d4 elementor-widget elementor-widget-text-editor\" data-id=\"64259d4\" data-element_type=\"widget\" data-widget_type=\"text-editor.default\">\n\t\t\t\t<div class=\"elementor-widget-container\">\n\t\t\t\t\t\t\t\t<div class=\"elementor-text-editor elementor-clearfix\">\n\t\t\t\t<p><span style=\"text-decoration: underline;\"><strong>1) Ksi\u0119ga przychod\u00f3w i rozchod\u00f3w &#8211; podatek progresywny 17% \u2013 bez odliczenia koszt\u00f3w dzia\u0142alno\u015bci, kt\u00f3re mog\u0105 dodatkowo zmniejszy\u0107 podatek:<\/strong><\/span><\/p><p>Kwota netto (\u201ena r\u0119k\u0119\u201d) przez pierwsze p\u00f3\u0142 roku: ok.<strong> 7200,00 z\u0142*<\/strong><br \/>Kwota netto (\u201ena r\u0119k\u0119\u201d) przez kolejne 2 lata dzia\u0142alno\u015bci: ok.<strong> 7030,00<\/strong> z\u0142*<br \/>Kwota netto (\u201ena r\u0119k\u0119\u201d) po zako\u0144czeniu preferencyjnych sk\u0142adek ZUS: ok. <strong>6400,00 z\u0142*<\/strong><br \/>Kwota faktury=koszt klienta\/pracodawcy: <strong>8392,69 z\u0142<\/strong><\/p><p><strong><span style=\"text-decoration: underline;\">2) Rycza\u0142t 8,5% (np. dla pracownik\u00f3w administracji, spedytor\u00f3w):<\/span><\/strong><\/p><p>Kwota netto (\u201ena r\u0119k\u0119\u201d) przez pierwsze p\u00f3\u0142 roku dzia\u0142alno\u015bci: ok. <strong>7900,00 z\u0142*<\/strong><br \/>Kwota netto (\u201ena r\u0119k\u0119\u201d) przez kolejne 2 lata dzia\u0142alno\u015bci: <strong>7700,00*<\/strong><br \/>Kwota netto (\u201ena r\u0119k\u0119\u201d) po zako\u0144czeniu preferencyjnych sk\u0142adek ZUS: <strong>7000,00 z\u0142*<\/strong><br \/>Kwota faktury=koszt klienta\/pracodawcy: <strong>8392,69 z\u0142<\/strong><\/p><hr \/><p><em>*wyliczenia stworzono na podstawie przepis\u00f3w aktualnych na miesi\u0105c listopad 2019r. Kwoty \u00a0zmieniaj\u0105 si\u0119 w czasie ze wzgl\u0119du na mo\u017cliwo\u015b\u0107 skorzystania z ulg proponowanych przez ZUS.<\/em><\/p>\t\t\t\t\t<\/div>\n\t\t\t\t\t\t<\/div>\n\t\t\t\t<\/div>\n\t\t\t\t\t\t<\/div>\n\t\t\t\t\t<\/div>\n\t\t<\/div>\n\t\t\t\t<div class=\"elementor-column elementor-col-33 elementor-top-column elementor-element elementor-element-569d0dc\" data-id=\"569d0dc\" data-element_type=\"column\">\n\t\t\t<div class=\"elementor-column-wrap\">\n\t\t\t\t\t\t\t<div class=\"elementor-widget-wrap\">\n\t\t\t\t\t\t\t\t<\/div>\n\t\t\t\t\t<\/div>\n\t\t<\/div>\n\t\t\t\t<div class=\"elementor-column elementor-col-33 elementor-top-column elementor-element elementor-element-bc0f384\" data-id=\"bc0f384\" data-element_type=\"column\">\n\t\t\t<div class=\"elementor-column-wrap\">\n\t\t\t\t\t\t\t<div class=\"elementor-widget-wrap\">\n\t\t\t\t\t\t\t\t<\/div>\n\t\t\t\t\t<\/div>\n\t\t<\/div>\n\t\t\t\t\t\t\t\t<\/div>\n\t\t\t\t\t<\/div>\n\t\t<\/section>\n\t\t\t\t<section class=\"elementor-section elementor-top-section elementor-element elementor-element-464654d elementor-section-boxed elementor-section-height-default elementor-section-height-default\" data-id=\"464654d\" data-element_type=\"section\">\n\t\t\t\t\t\t<div class=\"elementor-container elementor-column-gap-default\">\n\t\t\t\t\t\t\t<div class=\"elementor-row\">\n\t\t\t\t\t<div class=\"elementor-column elementor-col-50 elementor-top-column elementor-element elementor-element-7c578fd\" data-id=\"7c578fd\" data-element_type=\"column\">\n\t\t\t<div class=\"elementor-column-wrap\">\n\t\t\t\t\t\t\t<div class=\"elementor-widget-wrap\">\n\t\t\t\t\t\t\t\t<\/div>\n\t\t\t\t\t<\/div>\n\t\t<\/div>\n\t\t\t\t<div class=\"elementor-column elementor-col-50 elementor-top-column elementor-element elementor-element-cd84544\" data-id=\"cd84544\" data-element_type=\"column\">\n\t\t\t<div class=\"elementor-column-wrap\">\n\t\t\t\t\t\t\t<div class=\"elementor-widget-wrap\">\n\t\t\t\t\t\t\t\t<\/div>\n\t\t\t\t\t<\/div>\n\t\t<\/div>\n\t\t\t\t\t\t\t\t<\/div>\n\t\t\t\t\t<\/div>\n\t\t<\/section>\n\t\t\t\t\t\t\t\t\t<\/div>\n\t\t\t<\/div>\n\t\t\t\t\t<\/div>\n\t\t","protected":false},"excerpt":{"rendered":"<p>POZNAJ NASZ\u0104 OFERT\u0118 DLA OS\u00d3B SAMOZATRUDNIONYCH Samozatrudnienie jest obecnie niezwykle popularn\u0105 form\u0105 wsp\u00f3\u0142pracy, wart\u0105 rozwa\u017cenia zar\u00f3wno dla pracodawcy jak i zatrudnianego. Pracodawca dzi\u0119ki samozatrudnieniu oszcz\u0119dza przede wszystkim sw\u00f3j cenny czas, kt\u00f3ry musia\u0142by po\u015bwi\u0119ci\u0107 na prowadzenie szeregu ewidencji zwi\u0105zanych ze stworzeniem etatu. Nak\u0142ad pracy potrzebny przy prowadzeniu akt osobowych, ewidencji czasu pracy, wymagaj\u0105cych rozlicze\u0144 PIT-\u00f3w pracowniczych &hellip;<\/p>\n<p class=\"read-more\"> <a class=\"\" href=\"http:\/\/kravat.pl\/index.php\/oferta\/dla-samozatrudnionych\/\"> <span class=\"screen-reader-text\">Dla samozatrudnionych<\/span> Read More &raquo;<\/a><\/p>\n","protected":false},"author":1,"featured_media":0,"parent":17,"menu_order":0,"comment_status":"closed","ping_status":"closed","template":"","meta":{"site-sidebar-layout":"no-sidebar","site-content-layout":"page-builder","ast-main-header-display":"","ast-hfb-above-header-display":"","ast-hfb-below-header-display":"","ast-hfb-mobile-header-display":"","site-post-title":"disabled","ast-breadcrumbs-content":"","ast-featured-img":"disabled","footer-sml-layout":"","theme-transparent-header-meta":"default","adv-header-id-meta":"","stick-header-meta":"","header-above-stick-meta":"","header-main-stick-meta":"","header-below-stick-meta":"","spay_email":"","footnotes":""},"_links":{"self":[{"href":"http:\/\/kravat.pl\/index.php\/wp-json\/wp\/v2\/pages\/279"}],"collection":[{"href":"http:\/\/kravat.pl\/index.php\/wp-json\/wp\/v2\/pages"}],"about":[{"href":"http:\/\/kravat.pl\/index.php\/wp-json\/wp\/v2\/types\/page"}],"author":[{"embeddable":true,"href":"http:\/\/kravat.pl\/index.php\/wp-json\/wp\/v2\/users\/1"}],"replies":[{"embeddable":true,"href":"http:\/\/kravat.pl\/index.php\/wp-json\/wp\/v2\/comments?post=279"}],"version-history":[{"count":35,"href":"http:\/\/kravat.pl\/index.php\/wp-json\/wp\/v2\/pages\/279\/revisions"}],"predecessor-version":[{"id":812,"href":"http:\/\/kravat.pl\/index.php\/wp-json\/wp\/v2\/pages\/279\/revisions\/812"}],"up":[{"embeddable":true,"href":"http:\/\/kravat.pl\/index.php\/wp-json\/wp\/v2\/pages\/17"}],"wp:attachment":[{"href":"http:\/\/kravat.pl\/index.php\/wp-json\/wp\/v2\/media?parent=279"}],"curies":[{"name":"wp","href":"https:\/\/api.w.org\/{rel}","templated":true}]}}